{"id":5191,"date":"2024-02-02T10:38:00","date_gmt":"2024-02-02T09:38:00","guid":{"rendered":"http:\/\/prolinkcable.eu\/?post_type=product&#038;p=5191"},"modified":"2024-02-02T10:38:01","modified_gmt":"2024-02-02T09:38:01","slug":"nb-427-prolink-2rca-2rca","status":"publish","type":"product","link":"https:\/\/prolinkcable.eu\/en\/product\/nb-427-prolink-2rca-2rca\/","title":{"rendered":"NB 427 Prolink 2RCA \u2013 2RCA"},"content":{"rendered":"<p>2RCA &#8211; 2RCA<\/p>\n<p>Dost\u0119pne d\u0142ugo\u015bci: 0,8m; 1,2m; 1,8m; 3m; 5m;<\/p>","protected":false},"excerpt":{"rendered":"<p>Dost\u0119pne d\u0142ugo\u015bci: 0,8m; 1,2m; 1,8m; 3m; 5m;<\/p>","protected":false},"featured_media":5192,"comment_status":"open","ping_status":"closed","template":"","meta":[],"product_brand":[],"product_cat":[76],"product_tag":[],"class_list":{"0":"post-5191","1":"product","2":"type-product","3":"status-publish","4":"has-post-thumbnail","6":"product_cat-navy-blue","8":"first","9":"instock","10":"shipping-taxable","11":"product-type-simple"},"yoast_head":"<!-- This site is optimized with the Yoast SEO plugin v27.3 - https:\/\/yoast.com\/product\/yoast-seo-wordpress\/ -->\n<title>NB 427 Prolink 2RCA \u2013 2RCA - prolinkcable.eu<\/title>\n<meta name=\"robots\" content=\"index, follow, max-snippet:-1, max-image-preview:large, max-video-preview:-1\" \/>\n<link rel=\"canonical\" href=\"https:\/\/prolinkcable.eu\/en\/product\/nb-427-prolink-2rca-2rca\/\" \/>\n<meta property=\"og:locale\" content=\"en_GB\" \/>\n<meta property=\"og:type\" content=\"article\" \/>\n<meta property=\"og:title\" content=\"NB 427 Prolink 2RCA \u2013 2RCA - prolinkcable.eu\" \/>\n<meta property=\"og:description\" content=\"Dost\u0119pne d\u0142ugo\u015bci: 0,8m; 1,2m; 1,8m; 3m; 5m;\" \/>\n<meta property=\"og:url\" content=\"https:\/\/prolinkcable.eu\/en\/product\/nb-427-prolink-2rca-2rca\/\" \/>\n<meta property=\"og:site_name\" content=\"prolinkcable.eu\" \/>\n<meta property=\"article:modified_time\" content=\"2024-02-02T09:38:01+00:00\" \/>\n<meta property=\"og:image\" content=\"https:\/\/prolinkcable.eu\/wp-content\/uploads\/2024\/02\/NB-427-1024x1024.png\" \/>\n\t<meta property=\"og:image:width\" content=\"1024\" \/>\n\t<meta property=\"og:image:height\" content=\"1024\" \/>\n\t<meta property=\"og:image:type\" content=\"image\/png\" \/>\n<meta name=\"twitter:card\" content=\"summary_large_image\" \/>\n<meta name=\"twitter:label1\" content=\"Estimated reading time\" \/>\n\t<meta name=\"twitter:data1\" content=\"1 minute\" \/>\n<script type=\"application\/ld+json\" class=\"yoast-schema-graph\">{\"@context\":\"https:\\\/\\\/schema.org\",\"@graph\":[{\"@type\":\"WebPage\",\"@id\":\"https:\\\/\\\/prolinkcable.eu\\\/produkt\\\/nb-427-prolink-2rca-2rca\\\/\",\"url\":\"https:\\\/\\\/prolinkcable.eu\\\/produkt\\\/nb-427-prolink-2rca-2rca\\\/\",\"name\":\"NB 427 Prolink 2RCA \u2013 2RCA - prolinkcable.eu\",\"isPartOf\":{\"@id\":\"https:\\\/\\\/prolinkcable.eu\\\/#website\"},\"primaryImageOfPage\":{\"@id\":\"https:\\\/\\\/prolinkcable.eu\\\/produkt\\\/nb-427-prolink-2rca-2rca\\\/#primaryimage\"},\"image\":{\"@id\":\"https:\\\/\\\/prolinkcable.eu\\\/produkt\\\/nb-427-prolink-2rca-2rca\\\/#primaryimage\"},\"thumbnailUrl\":\"https:\\\/\\\/prolinkcable.eu\\\/wp-content\\\/uploads\\\/2024\\\/02\\\/NB-427.png\",\"datePublished\":\"2024-02-02T09:38:00+00:00\",\"dateModified\":\"2024-02-02T09:38:01+00:00\",\"breadcrumb\":{\"@id\":\"https:\\\/\\\/prolinkcable.eu\\\/produkt\\\/nb-427-prolink-2rca-2rca\\\/#breadcrumb\"},\"inLanguage\":\"en-GB\",\"potentialAction\":[{\"@type\":\"ReadAction\",\"target\":[\"https:\\\/\\\/prolinkcable.eu\\\/produkt\\\/nb-427-prolink-2rca-2rca\\\/\"]}]},{\"@type\":\"ImageObject\",\"inLanguage\":\"en-GB\",\"@id\":\"https:\\\/\\\/prolinkcable.eu\\\/produkt\\\/nb-427-prolink-2rca-2rca\\\/#primaryimage\",\"url\":\"https:\\\/\\\/prolinkcable.eu\\\/wp-content\\\/uploads\\\/2024\\\/02\\\/NB-427.png\",\"contentUrl\":\"https:\\\/\\\/prolinkcable.eu\\\/wp-content\\\/uploads\\\/2024\\\/02\\\/NB-427.png\",\"width\":2500,\"height\":2500},{\"@type\":\"BreadcrumbList\",\"@id\":\"https:\\\/\\\/prolinkcable.eu\\\/produkt\\\/nb-427-prolink-2rca-2rca\\\/#breadcrumb\",\"itemListElement\":[{\"@type\":\"ListItem\",\"position\":1,\"name\":\"Strona g\u0142\u00f3wna\",\"item\":\"https:\\\/\\\/prolinkcable.eu\\\/\"},{\"@type\":\"ListItem\",\"position\":2,\"name\":\"PROLINK\",\"item\":\"https:\\\/\\\/prolinkcable.eu\\\/en\\\/prolink\\\/\"},{\"@type\":\"ListItem\",\"position\":3,\"name\":\"NB 427 Prolink 2RCA \u2013 2RCA\"}]},{\"@type\":\"WebSite\",\"@id\":\"https:\\\/\\\/prolinkcable.eu\\\/#website\",\"url\":\"https:\\\/\\\/prolinkcable.eu\\\/\",\"name\":\"prolinkcable.eu\",\"description\":\"prolinkcable\",\"publisher\":{\"@id\":\"https:\\\/\\\/prolinkcable.eu\\\/#organization\"},\"potentialAction\":[{\"@type\":\"SearchAction\",\"target\":{\"@type\":\"EntryPoint\",\"urlTemplate\":\"https:\\\/\\\/prolinkcable.eu\\\/?s={search_term_string}\"},\"query-input\":{\"@type\":\"PropertyValueSpecification\",\"valueRequired\":true,\"valueName\":\"search_term_string\"}}],\"inLanguage\":\"en-GB\"},{\"@type\":\"Organization\",\"@id\":\"https:\\\/\\\/prolinkcable.eu\\\/#organization\",\"name\":\"PROLINK\",\"url\":\"https:\\\/\\\/prolinkcable.eu\\\/\",\"logo\":{\"@type\":\"ImageObject\",\"inLanguage\":\"en-GB\",\"@id\":\"https:\\\/\\\/prolinkcable.eu\\\/#\\\/schema\\\/logo\\\/image\\\/\",\"url\":\"https:\\\/\\\/prolinkcable.eu\\\/wp-content\\\/uploads\\\/2021\\\/07\\\/logo-300x72-1.jpg\",\"contentUrl\":\"https:\\\/\\\/prolinkcable.eu\\\/wp-content\\\/uploads\\\/2021\\\/07\\\/logo-300x72-1.jpg\",\"width\":300,\"height\":72,\"caption\":\"PROLINK\"},\"image\":{\"@id\":\"https:\\\/\\\/prolinkcable.eu\\\/#\\\/schema\\\/logo\\\/image\\\/\"}}]}<\/script>\n<!-- \/ Yoast SEO plugin. -->","yoast_head_json":{"title":"NB 427 Prolink 2RCA \u2013 2RCA - prolinkcable.eu","robots":{"index":"index","follow":"follow","max-snippet":"max-snippet:-1","max-image-preview":"max-image-preview:large","max-video-preview":"max-video-preview:-1"},"canonical":"https:\/\/prolinkcable.eu\/en\/product\/nb-427-prolink-2rca-2rca\/","og_locale":"en_GB","og_type":"article","og_title":"NB 427 Prolink 2RCA \u2013 2RCA - prolinkcable.eu","og_description":"Dost\u0119pne d\u0142ugo\u015bci: 0,8m; 1,2m; 1,8m; 3m; 5m;","og_url":"https:\/\/prolinkcable.eu\/en\/product\/nb-427-prolink-2rca-2rca\/","og_site_name":"prolinkcable.eu","article_modified_time":"2024-02-02T09:38:01+00:00","og_image":[{"width":1024,"height":1024,"url":"https:\/\/prolinkcable.eu\/wp-content\/uploads\/2024\/02\/NB-427-1024x1024.png","type":"image\/png"}],"twitter_card":"summary_large_image","twitter_misc":{"Estimated reading time":"1 minute"},"schema":{"@context":"https:\/\/schema.org","@graph":[{"@type":"WebPage","@id":"https:\/\/prolinkcable.eu\/produkt\/nb-427-prolink-2rca-2rca\/","url":"https:\/\/prolinkcable.eu\/produkt\/nb-427-prolink-2rca-2rca\/","name":"NB 427 Prolink 2RCA \u2013 2RCA - prolinkcable.eu","isPartOf":{"@id":"https:\/\/prolinkcable.eu\/#website"},"primaryImageOfPage":{"@id":"https:\/\/prolinkcable.eu\/produkt\/nb-427-prolink-2rca-2rca\/#primaryimage"},"image":{"@id":"https:\/\/prolinkcable.eu\/produkt\/nb-427-prolink-2rca-2rca\/#primaryimage"},"thumbnailUrl":"https:\/\/prolinkcable.eu\/wp-content\/uploads\/2024\/02\/NB-427.png","datePublished":"2024-02-02T09:38:00+00:00","dateModified":"2024-02-02T09:38:01+00:00","breadcrumb":{"@id":"https:\/\/prolinkcable.eu\/produkt\/nb-427-prolink-2rca-2rca\/#breadcrumb"},"inLanguage":"en-GB","potentialAction":[{"@type":"ReadAction","target":["https:\/\/prolinkcable.eu\/produkt\/nb-427-prolink-2rca-2rca\/"]}]},{"@type":"ImageObject","inLanguage":"en-GB","@id":"https:\/\/prolinkcable.eu\/produkt\/nb-427-prolink-2rca-2rca\/#primaryimage","url":"https:\/\/prolinkcable.eu\/wp-content\/uploads\/2024\/02\/NB-427.png","contentUrl":"https:\/\/prolinkcable.eu\/wp-content\/uploads\/2024\/02\/NB-427.png","width":2500,"height":2500},{"@type":"BreadcrumbList","@id":"https:\/\/prolinkcable.eu\/produkt\/nb-427-prolink-2rca-2rca\/#breadcrumb","itemListElement":[{"@type":"ListItem","position":1,"name":"Strona g\u0142\u00f3wna","item":"https:\/\/prolinkcable.eu\/"},{"@type":"ListItem","position":2,"name":"PROLINK","item":"https:\/\/prolinkcable.eu\/en\/prolink\/"},{"@type":"ListItem","position":3,"name":"NB 427 Prolink 2RCA \u2013 2RCA"}]},{"@type":"WebSite","@id":"https:\/\/prolinkcable.eu\/#website","url":"https:\/\/prolinkcable.eu\/","name":"prolinkcable.eu","description":"prolinkcable","publisher":{"@id":"https:\/\/prolinkcable.eu\/#organization"},"potentialAction":[{"@type":"SearchAction","target":{"@type":"EntryPoint","urlTemplate":"https:\/\/prolinkcable.eu\/?s={search_term_string}"},"query-input":{"@type":"PropertyValueSpecification","valueRequired":true,"valueName":"search_term_string"}}],"inLanguage":"en-GB"},{"@type":"Organization","@id":"https:\/\/prolinkcable.eu\/#organization","name":"PROLINK","url":"https:\/\/prolinkcable.eu\/","logo":{"@type":"ImageObject","inLanguage":"en-GB","@id":"https:\/\/prolinkcable.eu\/#\/schema\/logo\/image\/","url":"https:\/\/prolinkcable.eu\/wp-content\/uploads\/2021\/07\/logo-300x72-1.jpg","contentUrl":"https:\/\/prolinkcable.eu\/wp-content\/uploads\/2021\/07\/logo-300x72-1.jpg","width":300,"height":72,"caption":"PROLINK"},"image":{"@id":"https:\/\/prolinkcable.eu\/#\/schema\/logo\/image\/"}}]}},"_links":{"self":[{"href":"https:\/\/prolinkcable.eu\/en\/wp-json\/wp\/v2\/product\/5191","targetHints":{"allow":["GET"]}}],"collection":[{"href":"https:\/\/prolinkcable.eu\/en\/wp-json\/wp\/v2\/product"}],"about":[{"href":"https:\/\/prolinkcable.eu\/en\/wp-json\/wp\/v2\/types\/product"}],"replies":[{"embeddable":true,"href":"https:\/\/prolinkcable.eu\/en\/wp-json\/wp\/v2\/comments?post=5191"}],"version-history":[{"count":1,"href":"https:\/\/prolinkcable.eu\/en\/wp-json\/wp\/v2\/product\/5191\/revisions"}],"predecessor-version":[{"id":5195,"href":"https:\/\/prolinkcable.eu\/en\/wp-json\/wp\/v2\/product\/5191\/revisions\/5195"}],"wp:featuredmedia":[{"embeddable":true,"href":"https:\/\/prolinkcable.eu\/en\/wp-json\/wp\/v2\/media\/5192"}],"wp:attachment":[{"href":"https:\/\/prolinkcable.eu\/en\/wp-json\/wp\/v2\/media?parent=5191"}],"wp:term":[{"taxonomy":"product_brand","embeddable":true,"href":"https:\/\/prolinkcable.eu\/en\/wp-json\/wp\/v2\/product_brand?post=5191"},{"taxonomy":"product_cat","embeddable":true,"href":"https:\/\/prolinkcable.eu\/en\/wp-json\/wp\/v2\/product_cat?post=5191"},{"taxonomy":"product_tag","embeddable":true,"href":"https:\/\/prolinkcable.eu\/en\/wp-json\/wp\/v2\/product_tag?post=5191"}],"curies":[{"name":"wp","href":"https:\/\/api.w.org\/{rel}","templated":true}]}}