{"id":2462,"date":"2021-07-01T15:50:37","date_gmt":"2021-07-01T13:50:37","guid":{"rendered":"http:\/\/prolinkcable.eu\/produkt\/tcv-4290-prolink-ex-2rca-2rca\/"},"modified":"2021-07-06T11:54:17","modified_gmt":"2021-07-06T09:54:17","slug":"tcv-4290-prolink-ex-2rca-2rca","status":"publish","type":"product","link":"https:\/\/prolinkcable.eu\/en\/product\/tcv-4290-prolink-ex-2rca-2rca\/","title":{"rendered":"TCV 4290   Prolink EX 2RCA-2RCA +"},"content":{"rendered":"<p>available lengths:<br \/>\n1,8m; 3m; 5m; 10m<img decoding=\"async\" src=\"images\/stories\/exclusive.png\" align=\"right\" border=\"0\" \/><\/p>","protected":false},"excerpt":{"rendered":"<p>available lengths:<br \/>\n1,8m; 3m; 5m; 10m<\/p>","protected":false},"featured_media":3947,"comment_status":"closed","ping_status":"closed","template":"","meta":[],"product_brand":[],"product_cat":[28],"product_tag":[],"class_list":{"0":"post-2462","1":"product","2":"type-product","3":"status-publish","4":"has-post-thumbnail","6":"product_cat-exclusive","8":"first","9":"instock","10":"product-type-simple"},"yoast_head":"<!-- This site is optimized with the Yoast SEO plugin v27.3 - https:\/\/yoast.com\/product\/yoast-seo-wordpress\/ -->\n<title>TCV 4290  Prolink EX 2RCA-2RCA + - prolinkcable.eu<\/title>\n<meta name=\"robots\" content=\"index, follow, max-snippet:-1, max-image-preview:large, max-video-preview:-1\" \/>\n<link rel=\"canonical\" href=\"http:\/\/prolinkcable.eu\/en\/product\/tcv-4290-prolink-ex-2rca-2rca\/\" \/>\n<meta property=\"og:locale\" content=\"en_GB\" \/>\n<meta property=\"og:type\" content=\"article\" \/>\n<meta property=\"og:title\" content=\"TCV 4290  Prolink EX 2RCA-2RCA + - prolinkcable.eu\" \/>\n<meta property=\"og:description\" content=\"Dost\u0119pne d\u0142ugo\u015bci: 1,8m; 3m; 5m; 10m\" \/>\n<meta property=\"og:url\" content=\"http:\/\/prolinkcable.eu\/en\/product\/tcv-4290-prolink-ex-2rca-2rca\/\" \/>\n<meta property=\"og:site_name\" content=\"prolinkcable.eu\" \/>\n<meta property=\"article:modified_time\" content=\"2021-07-06T09:54:17+00:00\" \/>\n<meta property=\"og:image\" content=\"https:\/\/prolinkcable.eu\/wp-content\/uploads\/2021\/07\/Prolink_EX_2RCA__4be9b56e44305.png\" \/>\n\t<meta property=\"og:image:width\" content=\"800\" \/>\n\t<meta property=\"og:image:height\" content=\"600\" \/>\n\t<meta property=\"og:image:type\" content=\"image\/png\" \/>\n<meta name=\"twitter:card\" content=\"summary_large_image\" \/>\n<script type=\"application\/ld+json\" class=\"yoast-schema-graph\">{\"@context\":\"https:\\\/\\\/schema.org\",\"@graph\":[{\"@type\":\"WebPage\",\"@id\":\"http:\\\/\\\/prolinkcable.eu\\\/en\\\/product\\\/tcv-4290-prolink-ex-2rca-2rca\\\/\",\"url\":\"http:\\\/\\\/prolinkcable.eu\\\/en\\\/product\\\/tcv-4290-prolink-ex-2rca-2rca\\\/\",\"name\":\"TCV 4290 Prolink EX 2RCA-2RCA + - prolinkcable.eu\",\"isPartOf\":{\"@id\":\"https:\\\/\\\/prolinkcable.eu\\\/#website\"},\"primaryImageOfPage\":{\"@id\":\"http:\\\/\\\/prolinkcable.eu\\\/en\\\/product\\\/tcv-4290-prolink-ex-2rca-2rca\\\/#primaryimage\"},\"image\":{\"@id\":\"http:\\\/\\\/prolinkcable.eu\\\/en\\\/product\\\/tcv-4290-prolink-ex-2rca-2rca\\\/#primaryimage\"},\"thumbnailUrl\":\"https:\\\/\\\/prolinkcable.eu\\\/wp-content\\\/uploads\\\/2021\\\/07\\\/Prolink_EX_2RCA__4be9b56e44305.png\",\"datePublished\":\"2021-07-01T13:50:37+00:00\",\"dateModified\":\"2021-07-06T09:54:17+00:00\",\"breadcrumb\":{\"@id\":\"http:\\\/\\\/prolinkcable.eu\\\/en\\\/product\\\/tcv-4290-prolink-ex-2rca-2rca\\\/#breadcrumb\"},\"inLanguage\":\"en-GB\",\"potentialAction\":[{\"@type\":\"ReadAction\",\"target\":[\"http:\\\/\\\/prolinkcable.eu\\\/en\\\/product\\\/tcv-4290-prolink-ex-2rca-2rca\\\/\"]}]},{\"@type\":\"ImageObject\",\"inLanguage\":\"en-GB\",\"@id\":\"http:\\\/\\\/prolinkcable.eu\\\/en\\\/product\\\/tcv-4290-prolink-ex-2rca-2rca\\\/#primaryimage\",\"url\":\"https:\\\/\\\/prolinkcable.eu\\\/wp-content\\\/uploads\\\/2021\\\/07\\\/Prolink_EX_2RCA__4be9b56e44305.png\",\"contentUrl\":\"https:\\\/\\\/prolinkcable.eu\\\/wp-content\\\/uploads\\\/2021\\\/07\\\/Prolink_EX_2RCA__4be9b56e44305.png\",\"width\":800,\"height\":600},{\"@type\":\"BreadcrumbList\",\"@id\":\"http:\\\/\\\/prolinkcable.eu\\\/en\\\/product\\\/tcv-4290-prolink-ex-2rca-2rca\\\/#breadcrumb\",\"itemListElement\":[{\"@type\":\"ListItem\",\"position\":1,\"name\":\"Strona g\u0142\u00f3wna\",\"item\":\"https:\\\/\\\/prolinkcable.eu\\\/\"},{\"@type\":\"ListItem\",\"position\":2,\"name\":\"PROLINK\",\"item\":\"https:\\\/\\\/prolinkcable.eu\\\/en\\\/prolink\\\/\"},{\"@type\":\"ListItem\",\"position\":3,\"name\":\"TCV 4290 Prolink EX 2RCA-2RCA +\"}]},{\"@type\":\"WebSite\",\"@id\":\"https:\\\/\\\/prolinkcable.eu\\\/#website\",\"url\":\"https:\\\/\\\/prolinkcable.eu\\\/\",\"name\":\"prolinkcable.eu\",\"description\":\"prolinkcable\",\"publisher\":{\"@id\":\"https:\\\/\\\/prolinkcable.eu\\\/#organization\"},\"potentialAction\":[{\"@type\":\"SearchAction\",\"target\":{\"@type\":\"EntryPoint\",\"urlTemplate\":\"https:\\\/\\\/prolinkcable.eu\\\/?s={search_term_string}\"},\"query-input\":{\"@type\":\"PropertyValueSpecification\",\"valueRequired\":true,\"valueName\":\"search_term_string\"}}],\"inLanguage\":\"en-GB\"},{\"@type\":\"Organization\",\"@id\":\"https:\\\/\\\/prolinkcable.eu\\\/#organization\",\"name\":\"PROLINK\",\"url\":\"https:\\\/\\\/prolinkcable.eu\\\/\",\"logo\":{\"@type\":\"ImageObject\",\"inLanguage\":\"en-GB\",\"@id\":\"https:\\\/\\\/prolinkcable.eu\\\/#\\\/schema\\\/logo\\\/image\\\/\",\"url\":\"https:\\\/\\\/prolinkcable.eu\\\/wp-content\\\/uploads\\\/2021\\\/07\\\/logo-300x72-1.jpg\",\"contentUrl\":\"https:\\\/\\\/prolinkcable.eu\\\/wp-content\\\/uploads\\\/2021\\\/07\\\/logo-300x72-1.jpg\",\"width\":300,\"height\":72,\"caption\":\"PROLINK\"},\"image\":{\"@id\":\"https:\\\/\\\/prolinkcable.eu\\\/#\\\/schema\\\/logo\\\/image\\\/\"}}]}<\/script>\n<!-- \/ Yoast SEO plugin. -->","yoast_head_json":{"title":"TCV 4290  Prolink EX 2RCA-2RCA + - prolinkcable.eu","robots":{"index":"index","follow":"follow","max-snippet":"max-snippet:-1","max-image-preview":"max-image-preview:large","max-video-preview":"max-video-preview:-1"},"canonical":"http:\/\/prolinkcable.eu\/en\/product\/tcv-4290-prolink-ex-2rca-2rca\/","og_locale":"en_GB","og_type":"article","og_title":"TCV 4290  Prolink EX 2RCA-2RCA + - prolinkcable.eu","og_description":"Dost\u0119pne d\u0142ugo\u015bci: 1,8m; 3m; 5m; 10m","og_url":"http:\/\/prolinkcable.eu\/en\/product\/tcv-4290-prolink-ex-2rca-2rca\/","og_site_name":"prolinkcable.eu","article_modified_time":"2021-07-06T09:54:17+00:00","og_image":[{"width":800,"height":600,"url":"https:\/\/prolinkcable.eu\/wp-content\/uploads\/2021\/07\/Prolink_EX_2RCA__4be9b56e44305.png","type":"image\/png"}],"twitter_card":"summary_large_image","schema":{"@context":"https:\/\/schema.org","@graph":[{"@type":"WebPage","@id":"http:\/\/prolinkcable.eu\/en\/product\/tcv-4290-prolink-ex-2rca-2rca\/","url":"http:\/\/prolinkcable.eu\/en\/product\/tcv-4290-prolink-ex-2rca-2rca\/","name":"TCV 4290 Prolink EX 2RCA-2RCA + - prolinkcable.eu","isPartOf":{"@id":"https:\/\/prolinkcable.eu\/#website"},"primaryImageOfPage":{"@id":"http:\/\/prolinkcable.eu\/en\/product\/tcv-4290-prolink-ex-2rca-2rca\/#primaryimage"},"image":{"@id":"http:\/\/prolinkcable.eu\/en\/product\/tcv-4290-prolink-ex-2rca-2rca\/#primaryimage"},"thumbnailUrl":"https:\/\/prolinkcable.eu\/wp-content\/uploads\/2021\/07\/Prolink_EX_2RCA__4be9b56e44305.png","datePublished":"2021-07-01T13:50:37+00:00","dateModified":"2021-07-06T09:54:17+00:00","breadcrumb":{"@id":"http:\/\/prolinkcable.eu\/en\/product\/tcv-4290-prolink-ex-2rca-2rca\/#breadcrumb"},"inLanguage":"en-GB","potentialAction":[{"@type":"ReadAction","target":["http:\/\/prolinkcable.eu\/en\/product\/tcv-4290-prolink-ex-2rca-2rca\/"]}]},{"@type":"ImageObject","inLanguage":"en-GB","@id":"http:\/\/prolinkcable.eu\/en\/product\/tcv-4290-prolink-ex-2rca-2rca\/#primaryimage","url":"https:\/\/prolinkcable.eu\/wp-content\/uploads\/2021\/07\/Prolink_EX_2RCA__4be9b56e44305.png","contentUrl":"https:\/\/prolinkcable.eu\/wp-content\/uploads\/2021\/07\/Prolink_EX_2RCA__4be9b56e44305.png","width":800,"height":600},{"@type":"BreadcrumbList","@id":"http:\/\/prolinkcable.eu\/en\/product\/tcv-4290-prolink-ex-2rca-2rca\/#breadcrumb","itemListElement":[{"@type":"ListItem","position":1,"name":"Strona g\u0142\u00f3wna","item":"https:\/\/prolinkcable.eu\/"},{"@type":"ListItem","position":2,"name":"PROLINK","item":"https:\/\/prolinkcable.eu\/en\/prolink\/"},{"@type":"ListItem","position":3,"name":"TCV 4290 Prolink EX 2RCA-2RCA +"}]},{"@type":"WebSite","@id":"https:\/\/prolinkcable.eu\/#website","url":"https:\/\/prolinkcable.eu\/","name":"prolinkcable.eu","description":"prolinkcable","publisher":{"@id":"https:\/\/prolinkcable.eu\/#organization"},"potentialAction":[{"@type":"SearchAction","target":{"@type":"EntryPoint","urlTemplate":"https:\/\/prolinkcable.eu\/?s={search_term_string}"},"query-input":{"@type":"PropertyValueSpecification","valueRequired":true,"valueName":"search_term_string"}}],"inLanguage":"en-GB"},{"@type":"Organization","@id":"https:\/\/prolinkcable.eu\/#organization","name":"PROLINK","url":"https:\/\/prolinkcable.eu\/","logo":{"@type":"ImageObject","inLanguage":"en-GB","@id":"https:\/\/prolinkcable.eu\/#\/schema\/logo\/image\/","url":"https:\/\/prolinkcable.eu\/wp-content\/uploads\/2021\/07\/logo-300x72-1.jpg","contentUrl":"https:\/\/prolinkcable.eu\/wp-content\/uploads\/2021\/07\/logo-300x72-1.jpg","width":300,"height":72,"caption":"PROLINK"},"image":{"@id":"https:\/\/prolinkcable.eu\/#\/schema\/logo\/image\/"}}]}},"_links":{"self":[{"href":"https:\/\/prolinkcable.eu\/en\/wp-json\/wp\/v2\/product\/2462","targetHints":{"allow":["GET"]}}],"collection":[{"href":"https:\/\/prolinkcable.eu\/en\/wp-json\/wp\/v2\/product"}],"about":[{"href":"https:\/\/prolinkcable.eu\/en\/wp-json\/wp\/v2\/types\/product"}],"replies":[{"embeddable":true,"href":"https:\/\/prolinkcable.eu\/en\/wp-json\/wp\/v2\/comments?post=2462"}],"version-history":[{"count":2,"href":"https:\/\/prolinkcable.eu\/en\/wp-json\/wp\/v2\/product\/2462\/revisions"}],"predecessor-version":[{"id":4840,"href":"https:\/\/prolinkcable.eu\/en\/wp-json\/wp\/v2\/product\/2462\/revisions\/4840"}],"wp:featuredmedia":[{"embeddable":true,"href":"https:\/\/prolinkcable.eu\/en\/wp-json\/wp\/v2\/media\/3947"}],"wp:attachment":[{"href":"https:\/\/prolinkcable.eu\/en\/wp-json\/wp\/v2\/media?parent=2462"}],"wp:term":[{"taxonomy":"product_brand","embeddable":true,"href":"https:\/\/prolinkcable.eu\/en\/wp-json\/wp\/v2\/product_brand?post=2462"},{"taxonomy":"product_cat","embeddable":true,"href":"https:\/\/prolinkcable.eu\/en\/wp-json\/wp\/v2\/product_cat?post=2462"},{"taxonomy":"product_tag","embeddable":true,"href":"https:\/\/prolinkcable.eu\/en\/wp-json\/wp\/v2\/product_tag?post=2462"}],"curies":[{"name":"wp","href":"https:\/\/api.w.org\/{rel}","templated":true}]}}