{"id":2407,"date":"2021-07-01T15:50:32","date_gmt":"2021-07-01T13:50:32","guid":{"rendered":"http:\/\/prolinkcable.eu\/produkt\/blav-hdmi-hdmi-micro\/"},"modified":"2021-07-06T13:01:09","modified_gmt":"2021-07-06T11:01:09","slug":"blav-hdmi-hdmi-micro","status":"publish","type":"product","link":"https:\/\/prolinkcable.eu\/en\/product\/blav-hdmi-hdmi-micro\/","title":{"rendered":"Prolink BLAV HDMI-HDMI MICRO"},"content":{"rendered":"<p>available lengths:<br \/>\n1,5m;<\/p>","protected":false},"excerpt":{"rendered":"<p>available lengths:<br \/>\n1,5m;<\/p>","protected":false},"featured_media":3151,"comment_status":"closed","ping_status":"closed","template":"","meta":[],"product_brand":[],"product_cat":[33],"product_tag":[],"class_list":{"0":"post-2407","1":"product","2":"type-product","3":"status-publish","4":"has-post-thumbnail","6":"product_cat-black","8":"first","9":"instock","10":"product-type-simple"},"yoast_head":"<!-- This site is optimized with the Yoast SEO plugin v27.3 - https:\/\/yoast.com\/product\/yoast-seo-wordpress\/ -->\n<title>Prolink BLAV HDMI-HDMI MICRO - prolinkcable.eu<\/title>\n<meta name=\"robots\" content=\"index, follow, max-snippet:-1, max-image-preview:large, max-video-preview:-1\" \/>\n<link rel=\"canonical\" href=\"https:\/\/prolinkcable.eu\/en\/product\/blav-hdmi-hdmi-micro\/\" \/>\n<meta property=\"og:locale\" content=\"en_GB\" \/>\n<meta property=\"og:type\" content=\"article\" \/>\n<meta property=\"og:title\" content=\"Prolink BLAV HDMI-HDMI MICRO - prolinkcable.eu\" \/>\n<meta property=\"og:description\" content=\"Dost\u0119pne d\u0142ugo\u015bci: 1,5m;\" \/>\n<meta property=\"og:url\" content=\"https:\/\/prolinkcable.eu\/en\/product\/blav-hdmi-hdmi-micro\/\" \/>\n<meta property=\"og:site_name\" content=\"prolinkcable.eu\" \/>\n<meta property=\"article:modified_time\" content=\"2021-07-06T11:01:09+00:00\" \/>\n<meta property=\"og:image\" content=\"https:\/\/prolinkcable.eu\/wp-content\/uploads\/2021\/07\/BLAV_HDMI_HDMI_M_5509725485bc6.png\" \/>\n\t<meta property=\"og:image:width\" content=\"1200\" \/>\n\t<meta property=\"og:image:height\" content=\"900\" \/>\n\t<meta property=\"og:image:type\" content=\"image\/png\" \/>\n<meta name=\"twitter:card\" content=\"summary_large_image\" \/>\n<script type=\"application\/ld+json\" class=\"yoast-schema-graph\">{\"@context\":\"https:\\\/\\\/schema.org\",\"@graph\":[{\"@type\":\"WebPage\",\"@id\":\"https:\\\/\\\/prolinkcable.eu\\\/produkt\\\/blav-hdmi-hdmi-micro\\\/\",\"url\":\"https:\\\/\\\/prolinkcable.eu\\\/produkt\\\/blav-hdmi-hdmi-micro\\\/\",\"name\":\"Prolink BLAV HDMI-HDMI MICRO - prolinkcable.eu\",\"isPartOf\":{\"@id\":\"https:\\\/\\\/prolinkcable.eu\\\/#website\"},\"primaryImageOfPage\":{\"@id\":\"https:\\\/\\\/prolinkcable.eu\\\/produkt\\\/blav-hdmi-hdmi-micro\\\/#primaryimage\"},\"image\":{\"@id\":\"https:\\\/\\\/prolinkcable.eu\\\/produkt\\\/blav-hdmi-hdmi-micro\\\/#primaryimage\"},\"thumbnailUrl\":\"https:\\\/\\\/prolinkcable.eu\\\/wp-content\\\/uploads\\\/2021\\\/07\\\/BLAV_HDMI_HDMI_M_5509725485bc6.png\",\"datePublished\":\"2021-07-01T13:50:32+00:00\",\"dateModified\":\"2021-07-06T11:01:09+00:00\",\"breadcrumb\":{\"@id\":\"https:\\\/\\\/prolinkcable.eu\\\/produkt\\\/blav-hdmi-hdmi-micro\\\/#breadcrumb\"},\"inLanguage\":\"en-GB\",\"potentialAction\":[{\"@type\":\"ReadAction\",\"target\":[\"https:\\\/\\\/prolinkcable.eu\\\/produkt\\\/blav-hdmi-hdmi-micro\\\/\"]}]},{\"@type\":\"ImageObject\",\"inLanguage\":\"en-GB\",\"@id\":\"https:\\\/\\\/prolinkcable.eu\\\/produkt\\\/blav-hdmi-hdmi-micro\\\/#primaryimage\",\"url\":\"https:\\\/\\\/prolinkcable.eu\\\/wp-content\\\/uploads\\\/2021\\\/07\\\/BLAV_HDMI_HDMI_M_5509725485bc6.png\",\"contentUrl\":\"https:\\\/\\\/prolinkcable.eu\\\/wp-content\\\/uploads\\\/2021\\\/07\\\/BLAV_HDMI_HDMI_M_5509725485bc6.png\",\"width\":1200,\"height\":900},{\"@type\":\"BreadcrumbList\",\"@id\":\"https:\\\/\\\/prolinkcable.eu\\\/produkt\\\/blav-hdmi-hdmi-micro\\\/#breadcrumb\",\"itemListElement\":[{\"@type\":\"ListItem\",\"position\":1,\"name\":\"Strona g\u0142\u00f3wna\",\"item\":\"https:\\\/\\\/prolinkcable.eu\\\/\"},{\"@type\":\"ListItem\",\"position\":2,\"name\":\"PROLINK\",\"item\":\"https:\\\/\\\/prolinkcable.eu\\\/en\\\/prolink\\\/\"},{\"@type\":\"ListItem\",\"position\":3,\"name\":\"Prolink BLAV HDMI-HDMI MICRO\"}]},{\"@type\":\"WebSite\",\"@id\":\"https:\\\/\\\/prolinkcable.eu\\\/#website\",\"url\":\"https:\\\/\\\/prolinkcable.eu\\\/\",\"name\":\"prolinkcable.eu\",\"description\":\"prolinkcable\",\"publisher\":{\"@id\":\"https:\\\/\\\/prolinkcable.eu\\\/#organization\"},\"potentialAction\":[{\"@type\":\"SearchAction\",\"target\":{\"@type\":\"EntryPoint\",\"urlTemplate\":\"https:\\\/\\\/prolinkcable.eu\\\/?s={search_term_string}\"},\"query-input\":{\"@type\":\"PropertyValueSpecification\",\"valueRequired\":true,\"valueName\":\"search_term_string\"}}],\"inLanguage\":\"en-GB\"},{\"@type\":\"Organization\",\"@id\":\"https:\\\/\\\/prolinkcable.eu\\\/#organization\",\"name\":\"PROLINK\",\"url\":\"https:\\\/\\\/prolinkcable.eu\\\/\",\"logo\":{\"@type\":\"ImageObject\",\"inLanguage\":\"en-GB\",\"@id\":\"https:\\\/\\\/prolinkcable.eu\\\/#\\\/schema\\\/logo\\\/image\\\/\",\"url\":\"https:\\\/\\\/prolinkcable.eu\\\/wp-content\\\/uploads\\\/2021\\\/07\\\/logo-300x72-1.jpg\",\"contentUrl\":\"https:\\\/\\\/prolinkcable.eu\\\/wp-content\\\/uploads\\\/2021\\\/07\\\/logo-300x72-1.jpg\",\"width\":300,\"height\":72,\"caption\":\"PROLINK\"},\"image\":{\"@id\":\"https:\\\/\\\/prolinkcable.eu\\\/#\\\/schema\\\/logo\\\/image\\\/\"}}]}<\/script>\n<!-- \/ Yoast SEO plugin. -->","yoast_head_json":{"title":"Prolink BLAV HDMI-HDMI MICRO - prolinkcable.eu","robots":{"index":"index","follow":"follow","max-snippet":"max-snippet:-1","max-image-preview":"max-image-preview:large","max-video-preview":"max-video-preview:-1"},"canonical":"https:\/\/prolinkcable.eu\/en\/product\/blav-hdmi-hdmi-micro\/","og_locale":"en_GB","og_type":"article","og_title":"Prolink BLAV HDMI-HDMI MICRO - prolinkcable.eu","og_description":"Dost\u0119pne d\u0142ugo\u015bci: 1,5m;","og_url":"https:\/\/prolinkcable.eu\/en\/product\/blav-hdmi-hdmi-micro\/","og_site_name":"prolinkcable.eu","article_modified_time":"2021-07-06T11:01:09+00:00","og_image":[{"width":1200,"height":900,"url":"https:\/\/prolinkcable.eu\/wp-content\/uploads\/2021\/07\/BLAV_HDMI_HDMI_M_5509725485bc6.png","type":"image\/png"}],"twitter_card":"summary_large_image","schema":{"@context":"https:\/\/schema.org","@graph":[{"@type":"WebPage","@id":"https:\/\/prolinkcable.eu\/produkt\/blav-hdmi-hdmi-micro\/","url":"https:\/\/prolinkcable.eu\/produkt\/blav-hdmi-hdmi-micro\/","name":"Prolink BLAV HDMI-HDMI MICRO - prolinkcable.eu","isPartOf":{"@id":"https:\/\/prolinkcable.eu\/#website"},"primaryImageOfPage":{"@id":"https:\/\/prolinkcable.eu\/produkt\/blav-hdmi-hdmi-micro\/#primaryimage"},"image":{"@id":"https:\/\/prolinkcable.eu\/produkt\/blav-hdmi-hdmi-micro\/#primaryimage"},"thumbnailUrl":"https:\/\/prolinkcable.eu\/wp-content\/uploads\/2021\/07\/BLAV_HDMI_HDMI_M_5509725485bc6.png","datePublished":"2021-07-01T13:50:32+00:00","dateModified":"2021-07-06T11:01:09+00:00","breadcrumb":{"@id":"https:\/\/prolinkcable.eu\/produkt\/blav-hdmi-hdmi-micro\/#breadcrumb"},"inLanguage":"en-GB","potentialAction":[{"@type":"ReadAction","target":["https:\/\/prolinkcable.eu\/produkt\/blav-hdmi-hdmi-micro\/"]}]},{"@type":"ImageObject","inLanguage":"en-GB","@id":"https:\/\/prolinkcable.eu\/produkt\/blav-hdmi-hdmi-micro\/#primaryimage","url":"https:\/\/prolinkcable.eu\/wp-content\/uploads\/2021\/07\/BLAV_HDMI_HDMI_M_5509725485bc6.png","contentUrl":"https:\/\/prolinkcable.eu\/wp-content\/uploads\/2021\/07\/BLAV_HDMI_HDMI_M_5509725485bc6.png","width":1200,"height":900},{"@type":"BreadcrumbList","@id":"https:\/\/prolinkcable.eu\/produkt\/blav-hdmi-hdmi-micro\/#breadcrumb","itemListElement":[{"@type":"ListItem","position":1,"name":"Strona g\u0142\u00f3wna","item":"https:\/\/prolinkcable.eu\/"},{"@type":"ListItem","position":2,"name":"PROLINK","item":"https:\/\/prolinkcable.eu\/en\/prolink\/"},{"@type":"ListItem","position":3,"name":"Prolink BLAV HDMI-HDMI MICRO"}]},{"@type":"WebSite","@id":"https:\/\/prolinkcable.eu\/#website","url":"https:\/\/prolinkcable.eu\/","name":"prolinkcable.eu","description":"prolinkcable","publisher":{"@id":"https:\/\/prolinkcable.eu\/#organization"},"potentialAction":[{"@type":"SearchAction","target":{"@type":"EntryPoint","urlTemplate":"https:\/\/prolinkcable.eu\/?s={search_term_string}"},"query-input":{"@type":"PropertyValueSpecification","valueRequired":true,"valueName":"search_term_string"}}],"inLanguage":"en-GB"},{"@type":"Organization","@id":"https:\/\/prolinkcable.eu\/#organization","name":"PROLINK","url":"https:\/\/prolinkcable.eu\/","logo":{"@type":"ImageObject","inLanguage":"en-GB","@id":"https:\/\/prolinkcable.eu\/#\/schema\/logo\/image\/","url":"https:\/\/prolinkcable.eu\/wp-content\/uploads\/2021\/07\/logo-300x72-1.jpg","contentUrl":"https:\/\/prolinkcable.eu\/wp-content\/uploads\/2021\/07\/logo-300x72-1.jpg","width":300,"height":72,"caption":"PROLINK"},"image":{"@id":"https:\/\/prolinkcable.eu\/#\/schema\/logo\/image\/"}}]}},"_links":{"self":[{"href":"https:\/\/prolinkcable.eu\/en\/wp-json\/wp\/v2\/product\/2407","targetHints":{"allow":["GET"]}}],"collection":[{"href":"https:\/\/prolinkcable.eu\/en\/wp-json\/wp\/v2\/product"}],"about":[{"href":"https:\/\/prolinkcable.eu\/en\/wp-json\/wp\/v2\/types\/product"}],"replies":[{"embeddable":true,"href":"https:\/\/prolinkcable.eu\/en\/wp-json\/wp\/v2\/comments?post=2407"}],"version-history":[{"count":2,"href":"https:\/\/prolinkcable.eu\/en\/wp-json\/wp\/v2\/product\/2407\/revisions"}],"predecessor-version":[{"id":4903,"href":"https:\/\/prolinkcable.eu\/en\/wp-json\/wp\/v2\/product\/2407\/revisions\/4903"}],"wp:featuredmedia":[{"embeddable":true,"href":"https:\/\/prolinkcable.eu\/en\/wp-json\/wp\/v2\/media\/3151"}],"wp:attachment":[{"href":"https:\/\/prolinkcable.eu\/en\/wp-json\/wp\/v2\/media?parent=2407"}],"wp:term":[{"taxonomy":"product_brand","embeddable":true,"href":"https:\/\/prolinkcable.eu\/en\/wp-json\/wp\/v2\/product_brand?post=2407"},{"taxonomy":"product_cat","embeddable":true,"href":"https:\/\/prolinkcable.eu\/en\/wp-json\/wp\/v2\/product_cat?post=2407"},{"taxonomy":"product_tag","embeddable":true,"href":"https:\/\/prolinkcable.eu\/en\/wp-json\/wp\/v2\/product_tag?post=2407"}],"curies":[{"name":"wp","href":"https:\/\/api.w.org\/{rel}","templated":true}]}}