{"id":5163,"date":"2023-12-28T11:13:46","date_gmt":"2023-12-28T10:13:46","guid":{"rendered":"http:\/\/prolinkcable.eu\/?post_type=product&#038;p=5163"},"modified":"2023-12-28T12:29:27","modified_gmt":"2023-12-28T11:29:27","slug":"fsl-280-prolink-hdmi-hdmi-ze-wzmacniaczem","status":"publish","type":"product","link":"http:\/\/prolinkcable.eu\/en\/product\/fsl-280-prolink-hdmi-hdmi-ze-wzmacniaczem\/","title":{"rendered":"FSL 280    Prolink HDMI \u2013 HDMI with amplifier"},"content":{"rendered":"<p>available lengths:<br \/>\n5m;<\/p>","protected":false},"excerpt":{"rendered":"<p>available lengths:<br \/>\n5m;<\/p>","protected":false},"featured_media":5164,"comment_status":"closed","ping_status":"closed","template":"","meta":[],"product_brand":[],"product_cat":[29],"product_tag":[],"class_list":{"0":"post-5163","1":"product","2":"type-product","3":"status-publish","4":"has-post-thumbnail","6":"product_cat-futura-slim","8":"first","9":"instock","10":"product-type-simple"},"yoast_head":"<!-- This site is optimized with the Yoast SEO plugin v27.3 - https:\/\/yoast.com\/product\/yoast-seo-wordpress\/ -->\n<title>FSL 280  Prolink HDMI - HDMI ze wzmacniaczem - prolinkcable.eu<\/title>\n<meta name=\"robots\" content=\"index, follow, max-snippet:-1, max-image-preview:large, max-video-preview:-1\" \/>\n<link rel=\"canonical\" href=\"https:\/\/prolinkcable.eu\/en\/product\/fsl-280-prolink-hdmi-hdmi-ze-wzmacniaczem\/\" \/>\n<meta property=\"og:locale\" content=\"en_GB\" \/>\n<meta property=\"og:type\" content=\"article\" \/>\n<meta property=\"og:title\" content=\"FSL 280  Prolink HDMI - HDMI ze wzmacniaczem - prolinkcable.eu\" \/>\n<meta property=\"og:description\" content=\"Dost\u0119pne d\u0142ugo\u015bci: 5m;\" \/>\n<meta property=\"og:url\" content=\"https:\/\/prolinkcable.eu\/en\/product\/fsl-280-prolink-hdmi-hdmi-ze-wzmacniaczem\/\" \/>\n<meta property=\"og:site_name\" content=\"prolinkcable.eu\" \/>\n<meta property=\"article:modified_time\" content=\"2023-12-28T11:29:27+00:00\" \/>\n<meta property=\"og:image\" content=\"https:\/\/prolinkcable.eu\/wp-content\/uploads\/2023\/12\/FSL_280-WZM.png\" \/>\n\t<meta property=\"og:image:width\" content=\"1200\" \/>\n\t<meta property=\"og:image:height\" content=\"900\" \/>\n\t<meta property=\"og:image:type\" content=\"image\/png\" \/>\n<meta name=\"twitter:card\" content=\"summary_large_image\" \/>\n<meta name=\"twitter:label1\" content=\"Estimated reading time\" \/>\n\t<meta name=\"twitter:data1\" content=\"1 minute\" \/>\n<script type=\"application\/ld+json\" class=\"yoast-schema-graph\">{\"@context\":\"https:\\\/\\\/schema.org\",\"@graph\":[{\"@type\":\"WebPage\",\"@id\":\"https:\\\/\\\/prolinkcable.eu\\\/produkt\\\/fsl-280-prolink-hdmi-hdmi-ze-wzmacniaczem\\\/\",\"url\":\"https:\\\/\\\/prolinkcable.eu\\\/produkt\\\/fsl-280-prolink-hdmi-hdmi-ze-wzmacniaczem\\\/\",\"name\":\"FSL 280 Prolink HDMI - HDMI ze wzmacniaczem - prolinkcable.eu\",\"isPartOf\":{\"@id\":\"https:\\\/\\\/prolinkcable.eu\\\/#website\"},\"primaryImageOfPage\":{\"@id\":\"https:\\\/\\\/prolinkcable.eu\\\/produkt\\\/fsl-280-prolink-hdmi-hdmi-ze-wzmacniaczem\\\/#primaryimage\"},\"image\":{\"@id\":\"https:\\\/\\\/prolinkcable.eu\\\/produkt\\\/fsl-280-prolink-hdmi-hdmi-ze-wzmacniaczem\\\/#primaryimage\"},\"thumbnailUrl\":\"https:\\\/\\\/prolinkcable.eu\\\/wp-content\\\/uploads\\\/2023\\\/12\\\/FSL_280-WZM.png\",\"datePublished\":\"2023-12-28T10:13:46+00:00\",\"dateModified\":\"2023-12-28T11:29:27+00:00\",\"breadcrumb\":{\"@id\":\"https:\\\/\\\/prolinkcable.eu\\\/produkt\\\/fsl-280-prolink-hdmi-hdmi-ze-wzmacniaczem\\\/#breadcrumb\"},\"inLanguage\":\"en-GB\",\"potentialAction\":[{\"@type\":\"ReadAction\",\"target\":[\"https:\\\/\\\/prolinkcable.eu\\\/produkt\\\/fsl-280-prolink-hdmi-hdmi-ze-wzmacniaczem\\\/\"]}]},{\"@type\":\"ImageObject\",\"inLanguage\":\"en-GB\",\"@id\":\"https:\\\/\\\/prolinkcable.eu\\\/produkt\\\/fsl-280-prolink-hdmi-hdmi-ze-wzmacniaczem\\\/#primaryimage\",\"url\":\"https:\\\/\\\/prolinkcable.eu\\\/wp-content\\\/uploads\\\/2023\\\/12\\\/FSL_280-WZM.png\",\"contentUrl\":\"https:\\\/\\\/prolinkcable.eu\\\/wp-content\\\/uploads\\\/2023\\\/12\\\/FSL_280-WZM.png\",\"width\":1200,\"height\":900},{\"@type\":\"BreadcrumbList\",\"@id\":\"https:\\\/\\\/prolinkcable.eu\\\/produkt\\\/fsl-280-prolink-hdmi-hdmi-ze-wzmacniaczem\\\/#breadcrumb\",\"itemListElement\":[{\"@type\":\"ListItem\",\"position\":1,\"name\":\"Strona g\u0142\u00f3wna\",\"item\":\"https:\\\/\\\/prolinkcable.eu\\\/\"},{\"@type\":\"ListItem\",\"position\":2,\"name\":\"PROLINK\",\"item\":\"https:\\\/\\\/prolinkcable.eu\\\/en\\\/prolink\\\/\"},{\"@type\":\"ListItem\",\"position\":3,\"name\":\"FSL 280 Prolink HDMI &#8211; HDMI ze wzmacniaczem\"}]},{\"@type\":\"WebSite\",\"@id\":\"https:\\\/\\\/prolinkcable.eu\\\/#website\",\"url\":\"https:\\\/\\\/prolinkcable.eu\\\/\",\"name\":\"prolinkcable.eu\",\"description\":\"prolinkcable\",\"publisher\":{\"@id\":\"https:\\\/\\\/prolinkcable.eu\\\/#organization\"},\"potentialAction\":[{\"@type\":\"SearchAction\",\"target\":{\"@type\":\"EntryPoint\",\"urlTemplate\":\"https:\\\/\\\/prolinkcable.eu\\\/?s={search_term_string}\"},\"query-input\":{\"@type\":\"PropertyValueSpecification\",\"valueRequired\":true,\"valueName\":\"search_term_string\"}}],\"inLanguage\":\"en-GB\"},{\"@type\":\"Organization\",\"@id\":\"https:\\\/\\\/prolinkcable.eu\\\/#organization\",\"name\":\"PROLINK\",\"url\":\"https:\\\/\\\/prolinkcable.eu\\\/\",\"logo\":{\"@type\":\"ImageObject\",\"inLanguage\":\"en-GB\",\"@id\":\"https:\\\/\\\/prolinkcable.eu\\\/#\\\/schema\\\/logo\\\/image\\\/\",\"url\":\"https:\\\/\\\/prolinkcable.eu\\\/wp-content\\\/uploads\\\/2021\\\/07\\\/logo-300x72-1.jpg\",\"contentUrl\":\"https:\\\/\\\/prolinkcable.eu\\\/wp-content\\\/uploads\\\/2021\\\/07\\\/logo-300x72-1.jpg\",\"width\":300,\"height\":72,\"caption\":\"PROLINK\"},\"image\":{\"@id\":\"https:\\\/\\\/prolinkcable.eu\\\/#\\\/schema\\\/logo\\\/image\\\/\"}}]}<\/script>\n<!-- \/ Yoast SEO plugin. -->","yoast_head_json":{"title":"FSL 280  Prolink HDMI - HDMI ze wzmacniaczem - prolinkcable.eu","robots":{"index":"index","follow":"follow","max-snippet":"max-snippet:-1","max-image-preview":"max-image-preview:large","max-video-preview":"max-video-preview:-1"},"canonical":"https:\/\/prolinkcable.eu\/en\/product\/fsl-280-prolink-hdmi-hdmi-ze-wzmacniaczem\/","og_locale":"en_GB","og_type":"article","og_title":"FSL 280  Prolink HDMI - HDMI ze wzmacniaczem - prolinkcable.eu","og_description":"Dost\u0119pne d\u0142ugo\u015bci: 5m;","og_url":"https:\/\/prolinkcable.eu\/en\/product\/fsl-280-prolink-hdmi-hdmi-ze-wzmacniaczem\/","og_site_name":"prolinkcable.eu","article_modified_time":"2023-12-28T11:29:27+00:00","og_image":[{"width":1200,"height":900,"url":"https:\/\/prolinkcable.eu\/wp-content\/uploads\/2023\/12\/FSL_280-WZM.png","type":"image\/png"}],"twitter_card":"summary_large_image","twitter_misc":{"Estimated reading time":"1 minute"},"schema":{"@context":"https:\/\/schema.org","@graph":[{"@type":"WebPage","@id":"https:\/\/prolinkcable.eu\/produkt\/fsl-280-prolink-hdmi-hdmi-ze-wzmacniaczem\/","url":"https:\/\/prolinkcable.eu\/produkt\/fsl-280-prolink-hdmi-hdmi-ze-wzmacniaczem\/","name":"FSL 280 Prolink HDMI - HDMI ze wzmacniaczem - prolinkcable.eu","isPartOf":{"@id":"https:\/\/prolinkcable.eu\/#website"},"primaryImageOfPage":{"@id":"https:\/\/prolinkcable.eu\/produkt\/fsl-280-prolink-hdmi-hdmi-ze-wzmacniaczem\/#primaryimage"},"image":{"@id":"https:\/\/prolinkcable.eu\/produkt\/fsl-280-prolink-hdmi-hdmi-ze-wzmacniaczem\/#primaryimage"},"thumbnailUrl":"https:\/\/prolinkcable.eu\/wp-content\/uploads\/2023\/12\/FSL_280-WZM.png","datePublished":"2023-12-28T10:13:46+00:00","dateModified":"2023-12-28T11:29:27+00:00","breadcrumb":{"@id":"https:\/\/prolinkcable.eu\/produkt\/fsl-280-prolink-hdmi-hdmi-ze-wzmacniaczem\/#breadcrumb"},"inLanguage":"en-GB","potentialAction":[{"@type":"ReadAction","target":["https:\/\/prolinkcable.eu\/produkt\/fsl-280-prolink-hdmi-hdmi-ze-wzmacniaczem\/"]}]},{"@type":"ImageObject","inLanguage":"en-GB","@id":"https:\/\/prolinkcable.eu\/produkt\/fsl-280-prolink-hdmi-hdmi-ze-wzmacniaczem\/#primaryimage","url":"https:\/\/prolinkcable.eu\/wp-content\/uploads\/2023\/12\/FSL_280-WZM.png","contentUrl":"https:\/\/prolinkcable.eu\/wp-content\/uploads\/2023\/12\/FSL_280-WZM.png","width":1200,"height":900},{"@type":"BreadcrumbList","@id":"https:\/\/prolinkcable.eu\/produkt\/fsl-280-prolink-hdmi-hdmi-ze-wzmacniaczem\/#breadcrumb","itemListElement":[{"@type":"ListItem","position":1,"name":"Strona g\u0142\u00f3wna","item":"https:\/\/prolinkcable.eu\/"},{"@type":"ListItem","position":2,"name":"PROLINK","item":"https:\/\/prolinkcable.eu\/en\/prolink\/"},{"@type":"ListItem","position":3,"name":"FSL 280 Prolink HDMI &#8211; HDMI ze wzmacniaczem"}]},{"@type":"WebSite","@id":"https:\/\/prolinkcable.eu\/#website","url":"https:\/\/prolinkcable.eu\/","name":"prolinkcable.eu","description":"prolinkcable","publisher":{"@id":"https:\/\/prolinkcable.eu\/#organization"},"potentialAction":[{"@type":"SearchAction","target":{"@type":"EntryPoint","urlTemplate":"https:\/\/prolinkcable.eu\/?s={search_term_string}"},"query-input":{"@type":"PropertyValueSpecification","valueRequired":true,"valueName":"search_term_string"}}],"inLanguage":"en-GB"},{"@type":"Organization","@id":"https:\/\/prolinkcable.eu\/#organization","name":"PROLINK","url":"https:\/\/prolinkcable.eu\/","logo":{"@type":"ImageObject","inLanguage":"en-GB","@id":"https:\/\/prolinkcable.eu\/#\/schema\/logo\/image\/","url":"https:\/\/prolinkcable.eu\/wp-content\/uploads\/2021\/07\/logo-300x72-1.jpg","contentUrl":"https:\/\/prolinkcable.eu\/wp-content\/uploads\/2021\/07\/logo-300x72-1.jpg","width":300,"height":72,"caption":"PROLINK"},"image":{"@id":"https:\/\/prolinkcable.eu\/#\/schema\/logo\/image\/"}}]}},"_links":{"self":[{"href":"http:\/\/prolinkcable.eu\/en\/wp-json\/wp\/v2\/product\/5163","targetHints":{"allow":["GET"]}}],"collection":[{"href":"http:\/\/prolinkcable.eu\/en\/wp-json\/wp\/v2\/product"}],"about":[{"href":"http:\/\/prolinkcable.eu\/en\/wp-json\/wp\/v2\/types\/product"}],"replies":[{"embeddable":true,"href":"http:\/\/prolinkcable.eu\/en\/wp-json\/wp\/v2\/comments?post=5163"}],"version-history":[{"count":0,"href":"http:\/\/prolinkcable.eu\/en\/wp-json\/wp\/v2\/product\/5163\/revisions"}],"wp:featuredmedia":[{"embeddable":true,"href":"http:\/\/prolinkcable.eu\/en\/wp-json\/wp\/v2\/media\/5164"}],"wp:attachment":[{"href":"http:\/\/prolinkcable.eu\/en\/wp-json\/wp\/v2\/media?parent=5163"}],"wp:term":[{"taxonomy":"product_brand","embeddable":true,"href":"http:\/\/prolinkcable.eu\/en\/wp-json\/wp\/v2\/product_brand?post=5163"},{"taxonomy":"product_cat","embeddable":true,"href":"http:\/\/prolinkcable.eu\/en\/wp-json\/wp\/v2\/product_cat?post=5163"},{"taxonomy":"product_tag","embeddable":true,"href":"http:\/\/prolinkcable.eu\/en\/wp-json\/wp\/v2\/product_tag?post=5163"}],"curies":[{"name":"wp","href":"https:\/\/api.w.org\/{rel}","templated":true}]}}