{"id":5138,"date":"2022-05-23T12:04:51","date_gmt":"2022-05-23T10:04:51","guid":{"rendered":"http:\/\/prolinkcable.eu\/?post_type=product&#038;p=5138"},"modified":"2022-05-23T12:04:52","modified_gmt":"2022-05-23T10:04:52","slug":"tcv-2480-prolink-ex-1rca-2gn-rca","status":"publish","type":"product","link":"http:\/\/prolinkcable.eu\/en\/product\/tcv-2480-prolink-ex-1rca-2gn-rca\/","title":{"rendered":"TCV 2480  Prolink EX 1RCA plug -2xSocket RCA"},"content":{"rendered":"","protected":false},"excerpt":{"rendered":"<p>available lengths:<br \/>\n0,2m<\/p>","protected":false},"featured_media":5139,"comment_status":"open","ping_status":"closed","template":"","meta":[],"product_brand":[],"product_cat":[28],"product_tag":[],"class_list":{"0":"post-5138","1":"product","2":"type-product","3":"status-publish","4":"has-post-thumbnail","6":"product_cat-exclusive","8":"first","9":"instock","10":"shipping-taxable","11":"product-type-simple"},"yoast_head":"<!-- This site is optimized with the Yoast SEO plugin v27.3 - https:\/\/yoast.com\/product\/yoast-seo-wordpress\/ -->\n<title>TCV 2480 Prolink EX 1RCA-2GN. RCA - prolinkcable.eu<\/title>\n<meta name=\"robots\" content=\"index, follow, max-snippet:-1, max-image-preview:large, max-video-preview:-1\" \/>\n<link rel=\"canonical\" href=\"https:\/\/prolinkcable.eu\/en\/product\/tcv-2480-prolink-ex-1rca-2gn-rca\/\" \/>\n<meta property=\"og:locale\" content=\"en_GB\" \/>\n<meta property=\"og:type\" content=\"article\" \/>\n<meta property=\"og:title\" content=\"TCV 2480 Prolink EX 1RCA-2GN. RCA - prolinkcable.eu\" \/>\n<meta property=\"og:description\" content=\"Dost\u0119pne d\u0142ugo\u015bci: 0,2m\" \/>\n<meta property=\"og:url\" content=\"https:\/\/prolinkcable.eu\/en\/product\/tcv-2480-prolink-ex-1rca-2gn-rca\/\" \/>\n<meta property=\"og:site_name\" content=\"prolinkcable.eu\" \/>\n<meta property=\"article:modified_time\" content=\"2022-05-23T10:04:52+00:00\" \/>\n<meta property=\"og:image\" content=\"https:\/\/prolinkcable.eu\/wp-content\/uploads\/2022\/05\/Prolink-EX-1RCA-2GN.-RCA-02M-1024x907.png\" \/>\n\t<meta property=\"og:image:width\" content=\"1024\" \/>\n\t<meta property=\"og:image:height\" content=\"907\" \/>\n\t<meta property=\"og:image:type\" content=\"image\/png\" \/>\n<meta name=\"twitter:card\" content=\"summary_large_image\" \/>\n<script type=\"application\/ld+json\" class=\"yoast-schema-graph\">{\"@context\":\"https:\\\/\\\/schema.org\",\"@graph\":[{\"@type\":\"WebPage\",\"@id\":\"https:\\\/\\\/prolinkcable.eu\\\/produkt\\\/tcv-2480-prolink-ex-1rca-2gn-rca\\\/\",\"url\":\"https:\\\/\\\/prolinkcable.eu\\\/produkt\\\/tcv-2480-prolink-ex-1rca-2gn-rca\\\/\",\"name\":\"TCV 2480 Prolink EX 1RCA-2GN. RCA - prolinkcable.eu\",\"isPartOf\":{\"@id\":\"https:\\\/\\\/prolinkcable.eu\\\/#website\"},\"primaryImageOfPage\":{\"@id\":\"https:\\\/\\\/prolinkcable.eu\\\/produkt\\\/tcv-2480-prolink-ex-1rca-2gn-rca\\\/#primaryimage\"},\"image\":{\"@id\":\"https:\\\/\\\/prolinkcable.eu\\\/produkt\\\/tcv-2480-prolink-ex-1rca-2gn-rca\\\/#primaryimage\"},\"thumbnailUrl\":\"https:\\\/\\\/prolinkcable.eu\\\/wp-content\\\/uploads\\\/2022\\\/05\\\/Prolink-EX-1RCA-2GN.-RCA-02M.png\",\"datePublished\":\"2022-05-23T10:04:51+00:00\",\"dateModified\":\"2022-05-23T10:04:52+00:00\",\"breadcrumb\":{\"@id\":\"https:\\\/\\\/prolinkcable.eu\\\/produkt\\\/tcv-2480-prolink-ex-1rca-2gn-rca\\\/#breadcrumb\"},\"inLanguage\":\"en-GB\",\"potentialAction\":[{\"@type\":\"ReadAction\",\"target\":[\"https:\\\/\\\/prolinkcable.eu\\\/produkt\\\/tcv-2480-prolink-ex-1rca-2gn-rca\\\/\"]}]},{\"@type\":\"ImageObject\",\"inLanguage\":\"en-GB\",\"@id\":\"https:\\\/\\\/prolinkcable.eu\\\/produkt\\\/tcv-2480-prolink-ex-1rca-2gn-rca\\\/#primaryimage\",\"url\":\"https:\\\/\\\/prolinkcable.eu\\\/wp-content\\\/uploads\\\/2022\\\/05\\\/Prolink-EX-1RCA-2GN.-RCA-02M.png\",\"contentUrl\":\"https:\\\/\\\/prolinkcable.eu\\\/wp-content\\\/uploads\\\/2022\\\/05\\\/Prolink-EX-1RCA-2GN.-RCA-02M.png\",\"width\":2560,\"height\":2268},{\"@type\":\"BreadcrumbList\",\"@id\":\"https:\\\/\\\/prolinkcable.eu\\\/produkt\\\/tcv-2480-prolink-ex-1rca-2gn-rca\\\/#breadcrumb\",\"itemListElement\":[{\"@type\":\"ListItem\",\"position\":1,\"name\":\"Strona g\u0142\u00f3wna\",\"item\":\"https:\\\/\\\/prolinkcable.eu\\\/\"},{\"@type\":\"ListItem\",\"position\":2,\"name\":\"PROLINK\",\"item\":\"https:\\\/\\\/prolinkcable.eu\\\/en\\\/prolink\\\/\"},{\"@type\":\"ListItem\",\"position\":3,\"name\":\"TCV 2480 Prolink EX 1RCA-2GN. RCA\"}]},{\"@type\":\"WebSite\",\"@id\":\"https:\\\/\\\/prolinkcable.eu\\\/#website\",\"url\":\"https:\\\/\\\/prolinkcable.eu\\\/\",\"name\":\"prolinkcable.eu\",\"description\":\"prolinkcable\",\"publisher\":{\"@id\":\"https:\\\/\\\/prolinkcable.eu\\\/#organization\"},\"potentialAction\":[{\"@type\":\"SearchAction\",\"target\":{\"@type\":\"EntryPoint\",\"urlTemplate\":\"https:\\\/\\\/prolinkcable.eu\\\/?s={search_term_string}\"},\"query-input\":{\"@type\":\"PropertyValueSpecification\",\"valueRequired\":true,\"valueName\":\"search_term_string\"}}],\"inLanguage\":\"en-GB\"},{\"@type\":\"Organization\",\"@id\":\"https:\\\/\\\/prolinkcable.eu\\\/#organization\",\"name\":\"PROLINK\",\"url\":\"https:\\\/\\\/prolinkcable.eu\\\/\",\"logo\":{\"@type\":\"ImageObject\",\"inLanguage\":\"en-GB\",\"@id\":\"https:\\\/\\\/prolinkcable.eu\\\/#\\\/schema\\\/logo\\\/image\\\/\",\"url\":\"https:\\\/\\\/prolinkcable.eu\\\/wp-content\\\/uploads\\\/2021\\\/07\\\/logo-300x72-1.jpg\",\"contentUrl\":\"https:\\\/\\\/prolinkcable.eu\\\/wp-content\\\/uploads\\\/2021\\\/07\\\/logo-300x72-1.jpg\",\"width\":300,\"height\":72,\"caption\":\"PROLINK\"},\"image\":{\"@id\":\"https:\\\/\\\/prolinkcable.eu\\\/#\\\/schema\\\/logo\\\/image\\\/\"}}]}<\/script>\n<!-- \/ Yoast SEO plugin. -->","yoast_head_json":{"title":"TCV 2480 Prolink EX 1RCA-2GN. RCA - prolinkcable.eu","robots":{"index":"index","follow":"follow","max-snippet":"max-snippet:-1","max-image-preview":"max-image-preview:large","max-video-preview":"max-video-preview:-1"},"canonical":"https:\/\/prolinkcable.eu\/en\/product\/tcv-2480-prolink-ex-1rca-2gn-rca\/","og_locale":"en_GB","og_type":"article","og_title":"TCV 2480 Prolink EX 1RCA-2GN. RCA - prolinkcable.eu","og_description":"Dost\u0119pne d\u0142ugo\u015bci: 0,2m","og_url":"https:\/\/prolinkcable.eu\/en\/product\/tcv-2480-prolink-ex-1rca-2gn-rca\/","og_site_name":"prolinkcable.eu","article_modified_time":"2022-05-23T10:04:52+00:00","og_image":[{"width":1024,"height":907,"url":"https:\/\/prolinkcable.eu\/wp-content\/uploads\/2022\/05\/Prolink-EX-1RCA-2GN.-RCA-02M-1024x907.png","type":"image\/png"}],"twitter_card":"summary_large_image","schema":{"@context":"https:\/\/schema.org","@graph":[{"@type":"WebPage","@id":"https:\/\/prolinkcable.eu\/produkt\/tcv-2480-prolink-ex-1rca-2gn-rca\/","url":"https:\/\/prolinkcable.eu\/produkt\/tcv-2480-prolink-ex-1rca-2gn-rca\/","name":"TCV 2480 Prolink EX 1RCA-2GN. RCA - prolinkcable.eu","isPartOf":{"@id":"https:\/\/prolinkcable.eu\/#website"},"primaryImageOfPage":{"@id":"https:\/\/prolinkcable.eu\/produkt\/tcv-2480-prolink-ex-1rca-2gn-rca\/#primaryimage"},"image":{"@id":"https:\/\/prolinkcable.eu\/produkt\/tcv-2480-prolink-ex-1rca-2gn-rca\/#primaryimage"},"thumbnailUrl":"https:\/\/prolinkcable.eu\/wp-content\/uploads\/2022\/05\/Prolink-EX-1RCA-2GN.-RCA-02M.png","datePublished":"2022-05-23T10:04:51+00:00","dateModified":"2022-05-23T10:04:52+00:00","breadcrumb":{"@id":"https:\/\/prolinkcable.eu\/produkt\/tcv-2480-prolink-ex-1rca-2gn-rca\/#breadcrumb"},"inLanguage":"en-GB","potentialAction":[{"@type":"ReadAction","target":["https:\/\/prolinkcable.eu\/produkt\/tcv-2480-prolink-ex-1rca-2gn-rca\/"]}]},{"@type":"ImageObject","inLanguage":"en-GB","@id":"https:\/\/prolinkcable.eu\/produkt\/tcv-2480-prolink-ex-1rca-2gn-rca\/#primaryimage","url":"https:\/\/prolinkcable.eu\/wp-content\/uploads\/2022\/05\/Prolink-EX-1RCA-2GN.-RCA-02M.png","contentUrl":"https:\/\/prolinkcable.eu\/wp-content\/uploads\/2022\/05\/Prolink-EX-1RCA-2GN.-RCA-02M.png","width":2560,"height":2268},{"@type":"BreadcrumbList","@id":"https:\/\/prolinkcable.eu\/produkt\/tcv-2480-prolink-ex-1rca-2gn-rca\/#breadcrumb","itemListElement":[{"@type":"ListItem","position":1,"name":"Strona g\u0142\u00f3wna","item":"https:\/\/prolinkcable.eu\/"},{"@type":"ListItem","position":2,"name":"PROLINK","item":"https:\/\/prolinkcable.eu\/en\/prolink\/"},{"@type":"ListItem","position":3,"name":"TCV 2480 Prolink EX 1RCA-2GN. RCA"}]},{"@type":"WebSite","@id":"https:\/\/prolinkcable.eu\/#website","url":"https:\/\/prolinkcable.eu\/","name":"prolinkcable.eu","description":"prolinkcable","publisher":{"@id":"https:\/\/prolinkcable.eu\/#organization"},"potentialAction":[{"@type":"SearchAction","target":{"@type":"EntryPoint","urlTemplate":"https:\/\/prolinkcable.eu\/?s={search_term_string}"},"query-input":{"@type":"PropertyValueSpecification","valueRequired":true,"valueName":"search_term_string"}}],"inLanguage":"en-GB"},{"@type":"Organization","@id":"https:\/\/prolinkcable.eu\/#organization","name":"PROLINK","url":"https:\/\/prolinkcable.eu\/","logo":{"@type":"ImageObject","inLanguage":"en-GB","@id":"https:\/\/prolinkcable.eu\/#\/schema\/logo\/image\/","url":"https:\/\/prolinkcable.eu\/wp-content\/uploads\/2021\/07\/logo-300x72-1.jpg","contentUrl":"https:\/\/prolinkcable.eu\/wp-content\/uploads\/2021\/07\/logo-300x72-1.jpg","width":300,"height":72,"caption":"PROLINK"},"image":{"@id":"https:\/\/prolinkcable.eu\/#\/schema\/logo\/image\/"}}]}},"_links":{"self":[{"href":"http:\/\/prolinkcable.eu\/en\/wp-json\/wp\/v2\/product\/5138","targetHints":{"allow":["GET"]}}],"collection":[{"href":"http:\/\/prolinkcable.eu\/en\/wp-json\/wp\/v2\/product"}],"about":[{"href":"http:\/\/prolinkcable.eu\/en\/wp-json\/wp\/v2\/types\/product"}],"replies":[{"embeddable":true,"href":"http:\/\/prolinkcable.eu\/en\/wp-json\/wp\/v2\/comments?post=5138"}],"version-history":[{"count":1,"href":"http:\/\/prolinkcable.eu\/en\/wp-json\/wp\/v2\/product\/5138\/revisions"}],"predecessor-version":[{"id":5140,"href":"http:\/\/prolinkcable.eu\/en\/wp-json\/wp\/v2\/product\/5138\/revisions\/5140"}],"wp:featuredmedia":[{"embeddable":true,"href":"http:\/\/prolinkcable.eu\/en\/wp-json\/wp\/v2\/media\/5139"}],"wp:attachment":[{"href":"http:\/\/prolinkcable.eu\/en\/wp-json\/wp\/v2\/media?parent=5138"}],"wp:term":[{"taxonomy":"product_brand","embeddable":true,"href":"http:\/\/prolinkcable.eu\/en\/wp-json\/wp\/v2\/product_brand?post=5138"},{"taxonomy":"product_cat","embeddable":true,"href":"http:\/\/prolinkcable.eu\/en\/wp-json\/wp\/v2\/product_cat?post=5138"},{"taxonomy":"product_tag","embeddable":true,"href":"http:\/\/prolinkcable.eu\/en\/wp-json\/wp\/v2\/product_tag?post=5138"}],"curies":[{"name":"wp","href":"https:\/\/api.w.org\/{rel}","templated":true}]}}